{"id":26607,"date":"2019-01-19T16:17:19","date_gmt":"2019-01-19T16:17:19","guid":{"rendered":"http:\/\/arnd-zechendorf.de\/?page_id=26607"},"modified":"2023-12-09T08:34:50","modified_gmt":"2023-12-09T08:34:50","slug":"aethiopien-2018","status":"publish","type":"page","link":"https:\/\/arnd-zechendorf.de\/?page_id=26607","title":{"rendered":"\u00c4thiopien 2018"},"content":{"rendered":"\n<p>von den Felsenkirchen des Nordend bis zu den V\u00f6lkern des S\u00fcdens<\/p>\n\n\n\n<h3 class=\"wp-block-heading\">Galerie 2018_\u00c4thiopien_Tag01_0922<\/h3>\n\n\n\nngg_shortcode_0_placeholder\n","protected":false},"excerpt":{"rendered":"<p>von den Felsenkirchen des Nordend bis zu den V\u00f6lkern des S\u00fcdens Galerie 2018_\u00c4thiopien_Tag01_0922<\/p>\n","protected":false},"author":1,"featured_media":26609,"parent":26558,"menu_order":3,"comment_status":"closed","ping_status":"closed","template":"","meta":{"ngg_post_thumbnail":0,"footnotes":""},"class_list":["post-26607","page","type-page","status-publish","has-post-thumbnail","hentry"],"_links":{"self":[{"href":"https:\/\/arnd-zechendorf.de\/index.php?rest_route=\/wp\/v2\/pages\/26607","targetHints":{"allow":["GET"]}}],"collection":[{"href":"https:\/\/arnd-zechendorf.de\/index.php?rest_route=\/wp\/v2\/pages"}],"about":[{"href":"https:\/\/arnd-zechendorf.de\/index.php?rest_route=\/wp\/v2\/types\/page"}],"author":[{"embeddable":true,"href":"https:\/\/arnd-zechendorf.de\/index.php?rest_route=\/wp\/v2\/users\/1"}],"replies":[{"embeddable":true,"href":"https:\/\/arnd-zechendorf.de\/index.php?rest_route=%2Fwp%2Fv2%2Fcomments&post=26607"}],"version-history":[{"count":5,"href":"https:\/\/arnd-zechendorf.de\/index.php?rest_route=\/wp\/v2\/pages\/26607\/revisions"}],"predecessor-version":[{"id":28196,"href":"https:\/\/arnd-zechendorf.de\/index.php?rest_route=\/wp\/v2\/pages\/26607\/revisions\/28196"}],"up":[{"embeddable":true,"href":"https:\/\/arnd-zechendorf.de\/index.php?rest_route=\/wp\/v2\/pages\/26558"}],"wp:featuredmedia":[{"embeddable":true,"href":"https:\/\/arnd-zechendorf.de\/index.php?rest_route=\/wp\/v2\/media\/26609"}],"wp:attachment":[{"href":"https:\/\/arnd-zechendorf.de\/index.php?rest_route=%2Fwp%2Fv2%2Fmedia&parent=26607"}],"curies":[{"name":"wp","href":"https:\/\/api.w.org\/{rel}","templated":true}]}}