{"id":26558,"date":"2019-01-13T09:48:03","date_gmt":"2019-01-13T09:48:03","guid":{"rendered":"http:\/\/arnd-zechendorf.de\/?page_id=26558"},"modified":"2020-12-06T09:04:32","modified_gmt":"2020-12-06T09:04:32","slug":"reisen-2011-bis-2020","status":"publish","type":"page","link":"https:\/\/arnd-zechendorf.de\/?page_id=26558","title":{"rendered":"Reisen 2011 bis 2020"},"content":{"rendered":"\n<p>2011 China von Peking bis Lhasa <a href=\"http:\/\/arnd-zechendorf.de\/?page_id=26560\">Bilder<\/a><\/p>\n\n\n\n<figure class=\"wp-block-image\"><a href=\"http:\/\/arnd-zechendorf.de\/?page_id=26560\"><img loading=\"lazy\" decoding=\"async\" width=\"1024\" height=\"271\" src=\"http:\/\/arnd-zechendorf.de\/wp-content\/uploads\/2019\/01\/Lhasa_01_00056-1-1024x271.jpg\" alt=\"\" class=\"wp-image-26564\" srcset=\"https:\/\/arnd-zechendorf.de\/wp-content\/uploads\/2019\/01\/Lhasa_01_00056-1-1024x271.jpg 1024w, https:\/\/arnd-zechendorf.de\/wp-content\/uploads\/2019\/01\/Lhasa_01_00056-1-300x79.jpg 300w, https:\/\/arnd-zechendorf.de\/wp-content\/uploads\/2019\/01\/Lhasa_01_00056-1-768x203.jpg 768w, https:\/\/arnd-zechendorf.de\/wp-content\/uploads\/2019\/01\/Lhasa_01_00056-1-500x132.jpg 500w, https:\/\/arnd-zechendorf.de\/wp-content\/uploads\/2019\/01\/Lhasa_01_00056-1.jpg 1280w\" sizes=\"auto, (max-width: 1024px) 100vw, 1024px\" \/><\/a><\/figure>\n\n\n\n<p>2012 Chile Von der Mitte bis zum Torres del Paine Nationalpark <a href=\"http:\/\/arnd-zechendorf.de\/?page_id=26566\">Bilder<\/a><\/p>\n\n\n\n<figure class=\"wp-block-image\"><a href=\"http:\/\/arnd-zechendorf.de\/?page_id=26566\"><img loading=\"lazy\" decoding=\"async\" width=\"1024\" height=\"447\" src=\"http:\/\/arnd-zechendorf.de\/wp-content\/uploads\/2019\/01\/CHL2012_03_0050-1024x447.jpg\" alt=\"\" class=\"wp-image-26567\" srcset=\"https:\/\/arnd-zechendorf.de\/wp-content\/uploads\/2019\/01\/CHL2012_03_0050-1024x447.jpg 1024w, https:\/\/arnd-zechendorf.de\/wp-content\/uploads\/2019\/01\/CHL2012_03_0050-300x131.jpg 300w, https:\/\/arnd-zechendorf.de\/wp-content\/uploads\/2019\/01\/CHL2012_03_0050-768x335.jpg 768w, https:\/\/arnd-zechendorf.de\/wp-content\/uploads\/2019\/01\/CHL2012_03_0050-500x218.jpg 500w, https:\/\/arnd-zechendorf.de\/wp-content\/uploads\/2019\/01\/CHL2012_03_0050.jpg 1200w\" sizes=\"auto, (max-width: 1024px) 100vw, 1024px\" \/><\/a><\/figure>\n\n\n\n<p>2013 Armenien im Land der alten Kirchen <a href=\"http:\/\/arnd-zechendorf.de\/?page_id=26571\">Bilder<\/a><br><\/p>\n\n\n\n<figure class=\"wp-block-image\"><a href=\"http:\/\/arnd-zechendorf.de\/?page_id=26571\"><img loading=\"lazy\" decoding=\"async\" width=\"1024\" height=\"322\" src=\"http:\/\/arnd-zechendorf.de\/wp-content\/uploads\/2019\/01\/BeitragbbildArm_kl-1024x322.jpg\" alt=\"\" class=\"wp-image-26573\" srcset=\"https:\/\/arnd-zechendorf.de\/wp-content\/uploads\/2019\/01\/BeitragbbildArm_kl-1024x322.jpg 1024w, https:\/\/arnd-zechendorf.de\/wp-content\/uploads\/2019\/01\/BeitragbbildArm_kl-300x94.jpg 300w, https:\/\/arnd-zechendorf.de\/wp-content\/uploads\/2019\/01\/BeitragbbildArm_kl-768x242.jpg 768w, https:\/\/arnd-zechendorf.de\/wp-content\/uploads\/2019\/01\/BeitragbbildArm_kl-500x157.jpg 500w\" sizes=\"auto, (max-width: 1024px) 100vw, 1024px\" \/><\/a><\/figure>\n\n\n\n<p>2014 Namibia vom Waterberg bis zur W\u00fcste Namib <a href=\"http:\/\/arnd-zechendorf.de\/?page_id=26577\">Bilder<\/a><\/p>\n\n\n\n<figure class=\"wp-block-image\"><a href=\"http:\/\/arnd-zechendorf.de\/?page_id=26577\"><img loading=\"lazy\" decoding=\"async\" width=\"1024\" height=\"284\" src=\"http:\/\/arnd-zechendorf.de\/wp-content\/uploads\/2019\/01\/Namibia2014s-1024x284.jpg\" alt=\"\" class=\"wp-image-26582\" srcset=\"https:\/\/arnd-zechendorf.de\/wp-content\/uploads\/2019\/01\/Namibia2014s-1024x284.jpg 1024w, https:\/\/arnd-zechendorf.de\/wp-content\/uploads\/2019\/01\/Namibia2014s-300x83.jpg 300w, https:\/\/arnd-zechendorf.de\/wp-content\/uploads\/2019\/01\/Namibia2014s-768x213.jpg 768w, https:\/\/arnd-zechendorf.de\/wp-content\/uploads\/2019\/01\/Namibia2014s-500x139.jpg 500w\" sizes=\"auto, (max-width: 1024px) 100vw, 1024px\" \/><\/a><\/figure>\n\n\n\n<p>2015 Sri Lanka im Land Buddhas und des Tees <a href=\"http:\/\/arnd-zechendorf.de\/?page_id=26584\">Bilder<\/a><\/p>\n\n\n\n<figure class=\"wp-block-image\"><a href=\"http:\/\/arnd-zechendorf.de\/?page_id=26584\"><img loading=\"lazy\" decoding=\"async\" width=\"1024\" height=\"475\" src=\"http:\/\/arnd-zechendorf.de\/wp-content\/uploads\/2019\/01\/SriLanka01-1024x475.jpg\" alt=\"\" class=\"wp-image-26590\" srcset=\"https:\/\/arnd-zechendorf.de\/wp-content\/uploads\/2019\/01\/SriLanka01-1024x475.jpg 1024w, https:\/\/arnd-zechendorf.de\/wp-content\/uploads\/2019\/01\/SriLanka01-300x139.jpg 300w, https:\/\/arnd-zechendorf.de\/wp-content\/uploads\/2019\/01\/SriLanka01-768x357.jpg 768w, https:\/\/arnd-zechendorf.de\/wp-content\/uploads\/2019\/01\/SriLanka01-500x232.jpg 500w\" sizes=\"auto, (max-width: 1024px) 100vw, 1024px\" \/><\/a><\/figure>\n\n\n\n<p>2016 Iran vom Kaspischen Meer bis Persepolis <a href=\"http:\/\/arnd-zechendorf.de\/?page_id=26592\">Bilder<\/a><\/p>\n\n\n\n<figure class=\"wp-block-image\"><a href=\"http:\/\/arnd-zechendorf.de\/?page_id=26592\"><img loading=\"lazy\" decoding=\"async\" width=\"1024\" height=\"326\" src=\"http:\/\/arnd-zechendorf.de\/wp-content\/uploads\/2019\/01\/Iran_Panorama_39-1024x326.jpg\" alt=\"\" class=\"wp-image-26596\" srcset=\"https:\/\/arnd-zechendorf.de\/wp-content\/uploads\/2019\/01\/Iran_Panorama_39-1024x326.jpg 1024w, https:\/\/arnd-zechendorf.de\/wp-content\/uploads\/2019\/01\/Iran_Panorama_39-300x95.jpg 300w, https:\/\/arnd-zechendorf.de\/wp-content\/uploads\/2019\/01\/Iran_Panorama_39-768x244.jpg 768w, https:\/\/arnd-zechendorf.de\/wp-content\/uploads\/2019\/01\/Iran_Panorama_39-500x159.jpg 500w\" sizes=\"auto, (max-width: 1024px) 100vw, 1024px\" \/><\/a><\/figure>\n\n\n\n<p>2017 Argentinien von Buenos Aires bis nach Feuerland <a href=\"http:\/\/arnd-zechendorf.de\/?page_id=26599\">Bilder<\/a><\/p>\n\n\n\n<figure class=\"wp-block-image\"><a href=\"http:\/\/arnd-zechendorf.de\/?page_id=26599\"><img loading=\"lazy\" decoding=\"async\" width=\"1024\" height=\"313\" src=\"http:\/\/arnd-zechendorf.de\/wp-content\/uploads\/2019\/01\/ARG_Panorama_79-1024x313.jpg\" alt=\"\" class=\"wp-image-26605\" srcset=\"https:\/\/arnd-zechendorf.de\/wp-content\/uploads\/2019\/01\/ARG_Panorama_79-1024x313.jpg 1024w, https:\/\/arnd-zechendorf.de\/wp-content\/uploads\/2019\/01\/ARG_Panorama_79-300x92.jpg 300w, https:\/\/arnd-zechendorf.de\/wp-content\/uploads\/2019\/01\/ARG_Panorama_79-768x234.jpg 768w, https:\/\/arnd-zechendorf.de\/wp-content\/uploads\/2019\/01\/ARG_Panorama_79-500x153.jpg 500w\" sizes=\"auto, (max-width: 1024px) 100vw, 1024px\" \/><\/a><\/figure>\n\n\n\n<p>2018 \u00c4thiopien von den Felsenkirchen im Norden bis zu den V\u00f6lkern des S\u00fcdens <a href=\"http:\/\/arnd-zechendorf.de\/?page_id=26607\">Bilder<\/a><\/p>\n\n\n\n<figure class=\"wp-block-image\"><a href=\"http:\/\/arnd-zechendorf.de\/?page_id=26607\"><img loading=\"lazy\" decoding=\"async\" width=\"1024\" height=\"359\" src=\"http:\/\/arnd-zechendorf.de\/wp-content\/uploads\/2019\/01\/Aethiopien_2018_1012-Pano-1-1024x359.jpg\" alt=\"\" class=\"wp-image-26611\" srcset=\"https:\/\/arnd-zechendorf.de\/wp-content\/uploads\/2019\/01\/Aethiopien_2018_1012-Pano-1-1024x359.jpg 1024w, https:\/\/arnd-zechendorf.de\/wp-content\/uploads\/2019\/01\/Aethiopien_2018_1012-Pano-1-300x105.jpg 300w, https:\/\/arnd-zechendorf.de\/wp-content\/uploads\/2019\/01\/Aethiopien_2018_1012-Pano-1-768x269.jpg 768w, https:\/\/arnd-zechendorf.de\/wp-content\/uploads\/2019\/01\/Aethiopien_2018_1012-Pano-1-500x175.jpg 500w\" sizes=\"auto, (max-width: 1024px) 100vw, 1024px\" \/><\/a><\/figure>\n\n\n\n<p>2019 Myanmar zu Fuss, zu Besucht bei den Pao und den Chin, vom Inle-See bis zu den tausend Tempeln vom Bagan <a rel=\"noreferrer noopener\" href=\"http:\/\/arnd-zechendorf.de\/?page_id=28175\" target=\"_blank\">Bilder<\/a><\/p>\n\n\n\n<figure class=\"wp-block-image size-large\"><a href=\"http:\/\/arnd-zechendorf.de\/?page_id=28175\"><img loading=\"lazy\" decoding=\"async\" width=\"1024\" height=\"435\" src=\"http:\/\/arnd-zechendorf.de\/wp-content\/uploads\/2020\/12\/MMR_Tag16_Pano_02-1024x435.jpg\" alt=\"\" class=\"wp-image-28183\" srcset=\"https:\/\/arnd-zechendorf.de\/wp-content\/uploads\/2020\/12\/MMR_Tag16_Pano_02-1024x435.jpg 1024w, https:\/\/arnd-zechendorf.de\/wp-content\/uploads\/2020\/12\/MMR_Tag16_Pano_02-300x127.jpg 300w, https:\/\/arnd-zechendorf.de\/wp-content\/uploads\/2020\/12\/MMR_Tag16_Pano_02-768x326.jpg 768w, https:\/\/arnd-zechendorf.de\/wp-content\/uploads\/2020\/12\/MMR_Tag16_Pano_02-1536x652.jpg 1536w, https:\/\/arnd-zechendorf.de\/wp-content\/uploads\/2020\/12\/MMR_Tag16_Pano_02-2048x870.jpg 2048w, https:\/\/arnd-zechendorf.de\/wp-content\/uploads\/2020\/12\/MMR_Tag16_Pano_02-500x212.jpg 500w\" sizes=\"auto, (max-width: 1024px) 100vw, 1024px\" \/><\/a><\/figure>\n","protected":false},"excerpt":{"rendered":"<p>2011 China von Peking bis Lhasa Bilder 2012 Chile Von der Mitte bis zum Torres del Paine Nationalpark Bilder 2013 Armenien im Land der alten Kirchen Bilder 2014 Namibia vom Waterberg bis zur W\u00fcste Namib Bilder 2015 Sri Lanka im &hellip; <a href=\"https:\/\/arnd-zechendorf.de\/?page_id=26558\">Weiterlesen <span class=\"meta-nav\">&rarr;<\/span><\/a><\/p>\n","protected":false},"author":1,"featured_media":0,"parent":0,"menu_order":6,"comment_status":"closed","ping_status":"closed","template":"","meta":{"ngg_post_thumbnail":0,"footnotes":""},"class_list":["post-26558","page","type-page","status-publish","hentry"],"_links":{"self":[{"href":"https:\/\/arnd-zechendorf.de\/index.php?rest_route=\/wp\/v2\/pages\/26558","targetHints":{"allow":["GET"]}}],"collection":[{"href":"https:\/\/arnd-zechendorf.de\/index.php?rest_route=\/wp\/v2\/pages"}],"about":[{"href":"https:\/\/arnd-zechendorf.de\/index.php?rest_route=\/wp\/v2\/types\/page"}],"author":[{"embeddable":true,"href":"https:\/\/arnd-zechendorf.de\/index.php?rest_route=\/wp\/v2\/users\/1"}],"replies":[{"embeddable":true,"href":"https:\/\/arnd-zechendorf.de\/index.php?rest_route=%2Fwp%2Fv2%2Fcomments&post=26558"}],"version-history":[{"count":15,"href":"https:\/\/arnd-zechendorf.de\/index.php?rest_route=\/wp\/v2\/pages\/26558\/revisions"}],"predecessor-version":[{"id":28185,"href":"https:\/\/arnd-zechendorf.de\/index.php?rest_route=\/wp\/v2\/pages\/26558\/revisions\/28185"}],"wp:attachment":[{"href":"https:\/\/arnd-zechendorf.de\/index.php?rest_route=%2Fwp%2Fv2%2Fmedia&parent=26558"}],"curies":[{"name":"wp","href":"https:\/\/api.w.org\/{rel}","templated":true}]}}