{"id":26470,"date":"2019-01-12T15:33:24","date_gmt":"2019-01-12T15:33:24","guid":{"rendered":"http:\/\/arnd-zechendorf.de\/?page_id=26470"},"modified":"2019-01-13T09:47:10","modified_gmt":"2019-01-13T09:47:10","slug":"reisen-2004-bis-2010","status":"publish","type":"page","link":"http:\/\/arnd-zechendorf.de\/?page_id=26470","title":{"rendered":"Reisen 2004 bis 2010"},"content":{"rendered":"\n<p>2004 Nepal Trekking zum Everest Base Camp <a href=\"http:\/\/arnd-zechendorf.de\/?page_id=26465\">Bilder<\/a><\/p>\n\n\n\n<figure class=\"wp-block-image\"><a href=\"http:\/\/arnd-zechendorf.de\/?page_id=26465\"><img loading=\"lazy\" decoding=\"async\" width=\"1024\" height=\"380\" src=\"http:\/\/arnd-zechendorf.de\/wp-content\/uploads\/2019\/01\/Nep04_pano4-1024x380.jpg\" alt=\"\" class=\"wp-image-26467\" srcset=\"http:\/\/arnd-zechendorf.de\/wp-content\/uploads\/2019\/01\/Nep04_pano4-1024x380.jpg 1024w, http:\/\/arnd-zechendorf.de\/wp-content\/uploads\/2019\/01\/Nep04_pano4-300x111.jpg 300w, http:\/\/arnd-zechendorf.de\/wp-content\/uploads\/2019\/01\/Nep04_pano4-768x285.jpg 768w, http:\/\/arnd-zechendorf.de\/wp-content\/uploads\/2019\/01\/Nep04_pano4-500x186.jpg 500w\" sizes=\"auto, (max-width: 1024px) 100vw, 1024px\" \/><\/a><\/figure>\n\n\n\n<p>2005 Ecuador von Otavalo bis zum Cotopaxi <a href=\"http:\/\/arnd-zechendorf.de\/?page_id=26494\">Bilder<\/a><\/p>\n\n\n\n<figure class=\"wp-block-image\"><a href=\"http:\/\/arnd-zechendorf.de\/?page_id=26494\"><img loading=\"lazy\" decoding=\"async\" width=\"1024\" height=\"375\" src=\"http:\/\/arnd-zechendorf.de\/wp-content\/uploads\/2019\/01\/Eq_pano04-1-1024x375.jpg\" alt=\"\" class=\"wp-image-26502\" srcset=\"http:\/\/arnd-zechendorf.de\/wp-content\/uploads\/2019\/01\/Eq_pano04-1-1024x375.jpg 1024w, http:\/\/arnd-zechendorf.de\/wp-content\/uploads\/2019\/01\/Eq_pano04-1-300x110.jpg 300w, http:\/\/arnd-zechendorf.de\/wp-content\/uploads\/2019\/01\/Eq_pano04-1-768x281.jpg 768w, http:\/\/arnd-zechendorf.de\/wp-content\/uploads\/2019\/01\/Eq_pano04-1-500x183.jpg 500w\" sizes=\"auto, (max-width: 1024px) 100vw, 1024px\" \/><\/a><\/figure>\n\n\n\n<p>2006 Chile von Santiago de Chile \u00fcber die Atakamaw\u00fcste zum Guallatiri <a href=\"http:\/\/arnd-zechendorf.de\/?page_id=26520\">Bilder<\/a><\/p>\n\n\n\n<figure class=\"wp-block-image\"><a href=\"http:\/\/arnd-zechendorf.de\/?page_id=26520\"><img loading=\"lazy\" decoding=\"async\" width=\"1024\" height=\"402\" src=\"http:\/\/arnd-zechendorf.de\/wp-content\/uploads\/2019\/01\/chile_pan07-1024x402.jpg\" alt=\"\" class=\"wp-image-26526\" srcset=\"http:\/\/arnd-zechendorf.de\/wp-content\/uploads\/2019\/01\/chile_pan07-1024x402.jpg 1024w, http:\/\/arnd-zechendorf.de\/wp-content\/uploads\/2019\/01\/chile_pan07-300x118.jpg 300w, http:\/\/arnd-zechendorf.de\/wp-content\/uploads\/2019\/01\/chile_pan07-768x301.jpg 768w, http:\/\/arnd-zechendorf.de\/wp-content\/uploads\/2019\/01\/chile_pan07-500x196.jpg 500w\" sizes=\"auto, (max-width: 1024px) 100vw, 1024px\" \/><\/a><\/figure>\n\n\n\n<p>2007 Jordanien von Aman \u00fcber Petra bis zum Wadi Rum <a href=\"http:\/\/arnd-zechendorf.de\/?page_id=26528\">Bilder<\/a><\/p>\n\n\n\n<figure class=\"wp-block-image\"><a href=\"http:\/\/arnd-zechendorf.de\/?page_id=26528\"><img loading=\"lazy\" decoding=\"async\" width=\"1024\" height=\"277\" src=\"http:\/\/arnd-zechendorf.de\/wp-content\/uploads\/2019\/01\/pano00002-1024x277.jpg\" alt=\"\" class=\"wp-image-26531\" srcset=\"http:\/\/arnd-zechendorf.de\/wp-content\/uploads\/2019\/01\/pano00002-1024x277.jpg 1024w, http:\/\/arnd-zechendorf.de\/wp-content\/uploads\/2019\/01\/pano00002-300x81.jpg 300w, http:\/\/arnd-zechendorf.de\/wp-content\/uploads\/2019\/01\/pano00002-768x208.jpg 768w, http:\/\/arnd-zechendorf.de\/wp-content\/uploads\/2019\/01\/pano00002-500x135.jpg 500w, http:\/\/arnd-zechendorf.de\/wp-content\/uploads\/2019\/01\/pano00002.jpg 1436w\" sizes=\"auto, (max-width: 1024px) 100vw, 1024px\" \/><\/a><\/figure>\n\n\n\n<p>2008 Indien von Delin bis nach Leh, auch Klein-Tibet genannt <a href=\"http:\/\/arnd-zechendorf.de\/?page_id=26533\">Bilder<\/a><br><\/p>\n\n\n\n<figure class=\"wp-block-image\"><a href=\"http:\/\/arnd-zechendorf.de\/?page_id=26533\"><img loading=\"lazy\" decoding=\"async\" width=\"1024\" height=\"297\" src=\"http:\/\/arnd-zechendorf.de\/wp-content\/uploads\/2019\/01\/Thikse_Gompa-1024x297.jpg\" alt=\"\" class=\"wp-image-26539\" srcset=\"http:\/\/arnd-zechendorf.de\/wp-content\/uploads\/2019\/01\/Thikse_Gompa-1024x297.jpg 1024w, http:\/\/arnd-zechendorf.de\/wp-content\/uploads\/2019\/01\/Thikse_Gompa-300x87.jpg 300w, http:\/\/arnd-zechendorf.de\/wp-content\/uploads\/2019\/01\/Thikse_Gompa-768x223.jpg 768w, http:\/\/arnd-zechendorf.de\/wp-content\/uploads\/2019\/01\/Thikse_Gompa-500x145.jpg 500w, http:\/\/arnd-zechendorf.de\/wp-content\/uploads\/2019\/01\/Thikse_Gompa.jpg 1742w\" sizes=\"auto, (max-width: 1024px) 100vw, 1024px\" \/><\/a><\/figure>\n\n\n\n<p>2009 Nepal einaml um die Annapurna <a href=\"http:\/\/arnd-zechendorf.de\/?page_id=26541\">Bilder<\/a><\/p>\n\n\n\n<figure class=\"wp-block-image\"><a href=\"http:\/\/arnd-zechendorf.de\/?page_id=26541\"><img loading=\"lazy\" decoding=\"async\" width=\"940\" height=\"191\" src=\"http:\/\/arnd-zechendorf.de\/wp-content\/uploads\/2019\/01\/Image00002.jpg\" alt=\"\" class=\"wp-image-26546\" srcset=\"http:\/\/arnd-zechendorf.de\/wp-content\/uploads\/2019\/01\/Image00002.jpg 940w, http:\/\/arnd-zechendorf.de\/wp-content\/uploads\/2019\/01\/Image00002-300x61.jpg 300w, http:\/\/arnd-zechendorf.de\/wp-content\/uploads\/2019\/01\/Image00002-768x156.jpg 768w, http:\/\/arnd-zechendorf.de\/wp-content\/uploads\/2019\/01\/Image00002-500x102.jpg 500w\" sizes=\"auto, (max-width: 940px) 100vw, 940px\" \/><\/a><\/figure>\n\n\n\n<p>2010 Mexico auf Spuren der Atzteken und der Maya <a href=\"http:\/\/arnd-zechendorf.de\/?page_id=26548\">Bilder<\/a><\/p>\n\n\n\n<figure class=\"wp-block-image\"><a href=\"http:\/\/arnd-zechendorf.de\/?page_id=26548\"><img loading=\"lazy\" decoding=\"async\" width=\"1024\" height=\"323\" src=\"http:\/\/arnd-zechendorf.de\/wp-content\/uploads\/2019\/01\/mex_p_00014-1024x323.jpg\" alt=\"\" class=\"wp-image-26551\" srcset=\"http:\/\/arnd-zechendorf.de\/wp-content\/uploads\/2019\/01\/mex_p_00014-1024x323.jpg 1024w, http:\/\/arnd-zechendorf.de\/wp-content\/uploads\/2019\/01\/mex_p_00014-300x95.jpg 300w, http:\/\/arnd-zechendorf.de\/wp-content\/uploads\/2019\/01\/mex_p_00014-768x242.jpg 768w, http:\/\/arnd-zechendorf.de\/wp-content\/uploads\/2019\/01\/mex_p_00014-500x158.jpg 500w, http:\/\/arnd-zechendorf.de\/wp-content\/uploads\/2019\/01\/mex_p_00014.jpg 1500w\" sizes=\"auto, (max-width: 1024px) 100vw, 1024px\" \/><\/a><\/figure>\n","protected":false},"excerpt":{"rendered":"<p>2004 Nepal Trekking zum Everest Base Camp Bilder 2005 Ecuador von Otavalo bis zum Cotopaxi Bilder 2006 Chile von Santiago de Chile \u00fcber die Atakamaw\u00fcste zum Guallatiri Bilder 2007 Jordanien von Aman \u00fcber Petra bis zum Wadi Rum Bilder 2008 &hellip; <a href=\"http:\/\/arnd-zechendorf.de\/?page_id=26470\">Weiterlesen <span class=\"meta-nav\">&rarr;<\/span><\/a><\/p>\n","protected":false},"author":1,"featured_media":0,"parent":0,"menu_order":7,"comment_status":"closed","ping_status":"closed","template":"","meta":{"ngg_post_thumbnail":0,"footnotes":""},"class_list":["post-26470","page","type-page","status-publish","hentry"],"_links":{"self":[{"href":"http:\/\/arnd-zechendorf.de\/index.php?rest_route=\/wp\/v2\/pages\/26470","targetHints":{"allow":["GET"]}}],"collection":[{"href":"http:\/\/arnd-zechendorf.de\/index.php?rest_route=\/wp\/v2\/pages"}],"about":[{"href":"http:\/\/arnd-zechendorf.de\/index.php?rest_route=\/wp\/v2\/types\/page"}],"author":[{"embeddable":true,"href":"http:\/\/arnd-zechendorf.de\/index.php?rest_route=\/wp\/v2\/users\/1"}],"replies":[{"embeddable":true,"href":"http:\/\/arnd-zechendorf.de\/index.php?rest_route=%2Fwp%2Fv2%2Fcomments&post=26470"}],"version-history":[{"count":9,"href":"http:\/\/arnd-zechendorf.de\/index.php?rest_route=\/wp\/v2\/pages\/26470\/revisions"}],"predecessor-version":[{"id":26552,"href":"http:\/\/arnd-zechendorf.de\/index.php?rest_route=\/wp\/v2\/pages\/26470\/revisions\/26552"}],"wp:attachment":[{"href":"http:\/\/arnd-zechendorf.de\/index.php?rest_route=%2Fwp%2Fv2%2Fmedia&parent=26470"}],"curies":[{"name":"wp","href":"https:\/\/api.w.org\/{rel}","templated":true}]}}